{"id":294,"date":"2018-07-02T08:43:41","date_gmt":"2018-07-02T08:43:41","guid":{"rendered":"http:\/\/www.easy-stocktaking.com\/en\/?page_id=294"},"modified":"2018-09-10T12:17:15","modified_gmt":"2018-09-10T10:17:15","slug":"demo","status":"publish","type":"page","link":"https:\/\/www.easy-stocktaking.com\/en\/demo\/","title":{"rendered":"Demo"},"content":{"rendered":"<\/div><\/div><\/div><!-- close content main div --><\/div><\/div><div id='av_section_1' class='avia-section main_color avia-section-small avia-no-border-styling avia-full-stretch av-section-color-overlay-active avia-bg-style-fixed   av-minimum-height av-minimum-height-100 container_wrap sidebar_right' style = 'background-color: #109bc5; background-repeat: no-repeat; background-image: url(https:\/\/www.easy-stocktaking.com\/en\/wp-content\/uploads\/2018\/07\/EasyStocktakingBanner.png);background-attachment: fixed; background-position: center center; ' data-section-bg-repeat='stretch' ><div class='av-section-color-overlay-wrap'><div class='av-section-color-overlay' style='opacity: 0.5; '><\/div><a href='#next-section' title='' class='scroll-down-link  av-custom-scroll-down-color' style='color: #7bb0e7;' aria-hidden='true' data-av_icon='\ue877' data-av_iconfont='entypo-fontello'><\/a><div class='container' ><div class='template-page content  av-content-small alpha units'><div class='post-entry post-entry-type-page post-entry-294'><div class='entry-content-wrapper clearfix'>\n<div style='padding-bottom:5px; color:#ffffff;font-size:50px;' class='av-special-heading av-special-heading-h1 custom-color-heading blockquote modern-quote modern-centered  av-inherit-size '><h1 class='av-special-heading-tag '  itemprop=\"headline\"  >Demo<\/h1><div class ='av-subheading av-subheading_below av_custom_color ' style='font-size:20px;'><p>So geht&#8217;s<\/p>\n<\/div><div class='special-heading-border'><div class='special-heading-inner-border' style='border-color:#ffffff'><\/div><\/div><\/div>\n<\/div><\/div><\/div><!-- close content main div --><\/div><\/div><\/div><div id='after_section_1' class='main_color av_default_container_wrap container_wrap sidebar_right'   ><div class='container' ><div class='template-page content  av-content-small alpha units'><div class='post-entry post-entry-type-page post-entry-294'><div class='entry-content-wrapper clearfix'>\n<\/div><\/div><\/div><!-- close content main div --><\/div><\/div><div class='clear'><\/div><div id='sub_menu1' class='av-submenu-container alternate_color  av-sticky-submenu container_wrap sidebar_right'   style='z-index:301'><div class='container av-menu-mobile-disabled '><ul id='av-custom-submenu-1' class='av-subnav-menu av-submenu-pos-center'>\n<li class='menu-item menu-item-top-level  menu-item-top-level-1'><a href='#demovideo' ><span class='avia-bullet'><\/span><span class='avia-menu-text'>Demo-Videos<\/span><\/a><\/li>\n<li class='menu-item menu-item-top-level  menu-item-top-level-2'><a href='#demobeitrag' ><span class='avia-bullet'><\/span><span class='avia-menu-text'>Beitr\u00e4ge<\/span><\/a><\/li>\n<\/ul><\/div><\/div><div class='sticky_placeholder'><\/div>\n<\/div><\/div><\/div><!-- close content main div --><\/div><\/div><div id='demovideo' class='avia-section main_color avia-section-default avia-shadow avia-bg-style-scroll   av-arrow-down-section av-minimum-height av-minimum-height-100 container_wrap sidebar_right' style = 'background-color: #000000; background-image: '  ><div class='container' ><div class='template-page content  av-content-small alpha units'><div class='post-entry post-entry-type-page post-entry-294'><div class='entry-content-wrapper clearfix'>\n<div class=\"flex_column av_one_fifth  flex_column_div av-zero-column-padding first  \" style='border-radius:0px; '><\/div><div class=\"flex_column av_three_fifth  flex_column_div   \" style='padding:10px; border-radius:0px; '><div  data-size='masonry'  data-lightbox_size='large'  data-animation='slide'  data-conditional_play='confirm_all'  data-ids=',,,,,,'  data-video_counter='7'  data-autoplay='true'  data-bg_slider='false'  data-slide_height=''  data-handle='av_slideshow'  data-interval='5'  data-class=' '  data-css_id=''  data-scroll_down=''  data-control_layout='av-control-default'  data-custom_markup=''  data-perma_caption=''  data-autoplay_stopper=''  data-image_attachment=''  data-min_height='0px'  data-default-height='100'  class='avia-slideshow avia-slideshow-1  av-control-default av-default-height-applied avia-slideshow-masonry av_slideshow   avia-slide-slider '  itemprop=\"ImageObject\" itemscope=\"itemscope\" itemtype=\"https:\/\/schema.org\/ImageObject\" ><ul class='avia-slideshow-inner av-show-video-on-click' style='padding-bottom: 100%;' ><li  data-controls='' data-mute='' data-loop='' data-disable-autoplay='aviaTBaviaTBvideo_autoplay'  data-mobile-img='https:\/\/www.easy-stocktaking.com\/en\/wp-content\/uploads\/2018\/07\/ls-slider-1-slide-1.jpg' data-fallback-link='http:\/\/' data-video-ratio='1.7777777777778' class=' av-video-slide  av-video-service-html5  av-mobile-fallback-image slide-1 ' ><div data-rel='slideshow-1' class='avia-slide-wrap ' style='background-image:url(\"https:\/\/www.easy-stocktaking.com\/en\/wp-content\/uploads\/2018\/07\/ls-slider-1-slide-1.jpg\");'  ><div class=\"avia-caption av-slideshow-caption\"><div class=\"avia-inner-caption\"><h2  class='avia-caption-title '  itemprop=\"name\" >\u00dcberschrift...<\/h2><div class='avia-caption-content  '  itemprop=\"description\"  ><p>Inventur leicht gemacht&#8230;<\/p>\n<\/div><\/div><\/div><div class='av-click-overlay'><\/div><video class=\"avia_video\" poster=\"https:\/\/www.easy-stocktaking.com\/en\/wp-content\/uploads\/2018\/07\/ls-slider-1-slide-1.jpg\"   preload=\"auto\" controls id=\"player_294_1547259045_1636442898\" >\t<source src=\"http:\/\/www.easy-stocktaking.com\/en\/wp-content\/uploads\/2018\/07\/Inventur-leicht-gemacht-mit-Easy-Stocktaking.mp4\" type=\"video\/mp4\" \/><\/video><div class='av-click-to-play-overlay'><div class=\"avia_playpause_icon\"><\/div><\/div><\/div><\/li><li  data-controls='' data-mute='' data-loop='' data-disable-autoplay='aviaTBaviaTBvideo_autoplay'  data-mobile-img='https:\/\/www.easy-stocktaking.com\/en\/wp-content\/uploads\/2018\/07\/Zebra-TC20-in-Cradle-1-529x705.jpg' data-fallback-link='http:\/\/' data-video-ratio='1.7777777777778' class=' av-video-slide  av-video-service-html5  av-mobile-fallback-image slide-2 ' ><div data-rel='slideshow-1' class='avia-slide-wrap ' style='background-image:url(\"https:\/\/www.easy-stocktaking.com\/en\/wp-content\/uploads\/2018\/07\/Zebra-TC20-in-Cradle-1-529x705.jpg\");'  ><div class=\"avia-caption av-slideshow-caption\"><div class=\"avia-inner-caption\"><h2  class='avia-caption-title '  itemprop=\"name\" >Bild\u00fcberschrift...<\/h2><div class='avia-caption-content  '  itemprop=\"description\"  ><p>Bildtext&#8230;<\/p>\n<\/div><\/div><\/div><div class='av-click-overlay'><\/div><video class=\"avia_video\" poster=\"https:\/\/www.easy-stocktaking.com\/en\/wp-content\/uploads\/2018\/07\/Zebra-TC20-in-Cradle-1-529x705.jpg\"   preload=\"auto\" controls id=\"player_294_1981273812_775948418\" >\t<source src=\"http:\/\/www.easy-stocktaking.com\/en\/wp-content\/uploads\/2018\/07\/2018_06_29_14_09_34.mp4\" type=\"video\/mp4\" \/><\/video><div class='av-click-to-play-overlay'><div class=\"avia_playpause_icon\"><\/div><\/div><\/div><\/li><li  data-controls='' data-mute='' data-loop='' data-disable-autoplay='aviaTBaviaTBvideo_autoplay'  data-mobile-img='https:\/\/www.easy-stocktaking.com\/en\/wp-content\/uploads\/2018\/07\/2018_07_16_11_41_12-465x705.png' data-fallback-link='http:\/\/' data-video-ratio='1.7777777777778' class=' av-video-slide  av-video-service-html5  av-mobile-fallback-image slide-3 ' ><div data-rel='slideshow-1' class='avia-slide-wrap ' style='background-image:url(\"https:\/\/www.easy-stocktaking.com\/en\/wp-content\/uploads\/2018\/07\/2018_07_16_11_41_12-465x705.png\");'  ><div class=\"avia-caption av-slideshow-caption\"><div class=\"avia-inner-caption\"><h2  class='avia-caption-title '  itemprop=\"name\" >Artikel l\u00f6schen<\/h2><\/div><\/div><div class='av-click-overlay'><\/div><video class=\"avia_video\" poster=\"https:\/\/www.easy-stocktaking.com\/en\/wp-content\/uploads\/2018\/07\/2018_07_16_11_41_12-465x705.png\"   preload=\"auto\" controls id=\"player_294_332734449_32432661\" >\t<source src=\"http:\/\/www.easy-stocktaking.com\/en\/wp-content\/uploads\/2018\/07\/Artikel-l\u00f6schen.mp4\" type=\"video\/mp4\" \/><\/video><div class='av-click-to-play-overlay'><div class=\"avia_playpause_icon\"><\/div><\/div><\/div><\/li><li  data-controls='' data-mute='' data-loop='' data-disable-autoplay='aviaTBaviaTBvideo_autoplay'  data-mobile-img='https:\/\/www.easy-stocktaking.com\/en\/wp-content\/uploads\/2018\/07\/Screenshot_2018-07-06-13-01-33-423x705.png' data-fallback-link='http:\/\/' data-video-ratio='1.7777777777778' class=' av-video-slide  av-video-service-html5  av-mobile-fallback-image slide-4 ' ><div data-rel='slideshow-1' class='avia-slide-wrap ' style='background-image:url(\"https:\/\/www.easy-stocktaking.com\/en\/wp-content\/uploads\/2018\/07\/Screenshot_2018-07-06-13-01-33-423x705.png\");'  ><div class=\"avia-caption av-slideshow-caption\"><div class=\"avia-inner-caption\"><h2  class='avia-caption-title '  itemprop=\"name\" >Z\u00e4hlung ansehen<\/h2><\/div><\/div><div class='av-click-overlay'><\/div><video class=\"avia_video\" poster=\"https:\/\/www.easy-stocktaking.com\/en\/wp-content\/uploads\/2018\/07\/Screenshot_2018-07-06-13-01-33-423x705.png\"   preload=\"auto\" controls id=\"player_294_782653518_1217841703\" >\t<source src=\"http:\/\/www.easy-stocktaking.com\/en\/wp-content\/uploads\/2018\/07\/Z\u00e4hlungen-ansehen.mp4\" type=\"video\/mp4\" \/><\/video><div class='av-click-to-play-overlay'><div class=\"avia_playpause_icon\"><\/div><\/div><\/div><\/li><li  data-controls='' data-mute='' data-loop='' data-disable-autoplay='aviaTBaviaTBvideo_autoplay'  data-mobile-img='https:\/\/www.easy-stocktaking.com\/en\/wp-content\/uploads\/2018\/07\/2018_07_16_11_41_12-465x705.png' data-fallback-link='http:\/\/' data-video-ratio='1.7777777777778' class=' av-video-slide  av-video-service-html5  av-mobile-fallback-image slide-5 ' ><div data-rel='slideshow-1' class='avia-slide-wrap ' style='background-image:url(\"https:\/\/www.easy-stocktaking.com\/en\/wp-content\/uploads\/2018\/07\/2018_07_16_11_41_12-465x705.png\");'  ><div class=\"avia-caption av-slideshow-caption\"><div class=\"avia-inner-caption\"><h2  class='avia-caption-title '  itemprop=\"name\" >Artikel \u00e4ndern<\/h2><\/div><\/div><div class='av-click-overlay'><\/div><video class=\"avia_video\" poster=\"https:\/\/www.easy-stocktaking.com\/en\/wp-content\/uploads\/2018\/07\/2018_07_16_11_41_12-465x705.png\"   preload=\"auto\" controls id=\"player_294_1100324704_527488426\" >\t<source src=\"http:\/\/www.easy-stocktaking.com\/en\/wp-content\/uploads\/2018\/07\/Artikel-\u00e4ndern.mp4\" type=\"video\/mp4\" \/><\/video><div class='av-click-to-play-overlay'><div class=\"avia_playpause_icon\"><\/div><\/div><\/div><\/li><li  data-controls='' data-mute='' data-loop='' data-disable-autoplay='aviaTBaviaTBvideo_autoplay'  data-mobile-img='https:\/\/www.easy-stocktaking.com\/en\/wp-content\/uploads\/2018\/07\/2018_07_16_09_28_14-465x705.png' data-fallback-link='http:\/\/' data-video-ratio='1.7777777777778' class=' av-video-slide  av-video-service-html5  av-mobile-fallback-image slide-6 ' ><div data-rel='slideshow-1' class='avia-slide-wrap ' style='background-image:url(\"https:\/\/www.easy-stocktaking.com\/en\/wp-content\/uploads\/2018\/07\/2018_07_16_09_28_14-465x705.png\");'  ><div class=\"avia-caption av-slideshow-caption\"><div class=\"avia-inner-caption\"><h2  class='avia-caption-title '  itemprop=\"name\" >Artikel sortieren<\/h2><\/div><\/div><div class='av-click-overlay'><\/div><video class=\"avia_video\" poster=\"https:\/\/www.easy-stocktaking.com\/en\/wp-content\/uploads\/2018\/07\/2018_07_16_09_28_14-465x705.png\"   preload=\"auto\" controls id=\"player_294_307009759_1578870178\" >\t<source src=\"http:\/\/www.easy-stocktaking.com\/en\/wp-content\/uploads\/2018\/07\/Artikel-sortieren.mp4\" type=\"video\/mp4\" \/><\/video><div class='av-click-to-play-overlay'><div class=\"avia_playpause_icon\"><\/div><\/div><\/div><\/li><li  data-controls='' data-mute='' data-loop='' data-disable-autoplay='aviaTBaviaTBvideo_autoplay'  data-mobile-img='https:\/\/www.easy-stocktaking.com\/en\/wp-content\/uploads\/2018\/07\/Summenansicht-Z\u00e4hlungen.png' data-fallback-link='http:\/\/' data-video-ratio='1.7777777777778' class=' av-video-slide  av-video-service-html5  av-mobile-fallback-image slide-7 ' ><div data-rel='slideshow-1' class='avia-slide-wrap ' style='background-image:url(\"https:\/\/www.easy-stocktaking.com\/en\/wp-content\/uploads\/2018\/07\/Summenansicht-Z\u00e4hlungen.png\");'  ><div class=\"avia-caption av-slideshow-caption\"><div class=\"avia-inner-caption\"><h2  class='avia-caption-title '  itemprop=\"name\" >Verteilte Lagerpl\u00e4tze<\/h2><\/div><\/div><div class='av-click-overlay'><\/div><video class=\"avia_video\" poster=\"https:\/\/www.easy-stocktaking.com\/en\/wp-content\/uploads\/2018\/07\/Summenansicht-Z\u00e4hlungen.png\"   preload=\"auto\" controls id=\"player_294_1276659488_2096546264\" >\t<source src=\"http:\/\/www.easy-stocktaking.com\/en\/wp-content\/uploads\/2018\/07\/Ein-Artikel-mehrere-Lagerpl\u00e4tze.mp4\" type=\"video\/mp4\" \/><\/video><div class='av-click-to-play-overlay'><div class=\"avia_playpause_icon\"><\/div><\/div><\/div><\/li><\/ul><div class='avia-slideshow-arrows avia-slideshow-controls'><a href='#prev' class='prev-slide' aria-hidden='true' data-av_icon='\ue87c' data-av_iconfont='entypo-fontello'>Previous<\/a><a href='#next' class='next-slide' aria-hidden='true' data-av_icon='\ue87d' data-av_iconfont='entypo-fontello'>Next<\/a><\/div><div class='avia-slideshow-dots avia-slideshow-controls'><a href='#1' class='goto-slide active' >1<\/a><a href='#2' class='goto-slide ' >2<\/a><a href='#3' class='goto-slide ' >3<\/a><a href='#4' class='goto-slide ' >4<\/a><a href='#5' class='goto-slide ' >5<\/a><a href='#6' class='goto-slide ' >6<\/a><a href='#7' class='goto-slide ' >7<\/a><\/div><\/div><\/div>\n<\/div><\/div><\/div><!-- close content main div --><\/div><div class='av-extra-border-element border-extra-arrow-down'><div class='av-extra-border-outer'><div class='av-extra-border-inner'  style='background-color:#000000;' ><\/div><\/div><\/div><\/div><div id='after_section_2' class='main_color av_default_container_wrap container_wrap sidebar_right'   ><div class='container' ><div class='template-page content  av-content-small alpha units'><div class='post-entry post-entry-type-page post-entry-294'><div class='entry-content-wrapper clearfix'>\n<\/div><\/div><\/div><!-- close content main div --><\/div><\/div><div id='demobeitrag' class='avia-section main_color avia-section-default avia-no-border-styling avia-bg-style-scroll   av-minimum-height av-minimum-height-25 container_wrap sidebar_right' style = 'background-image: '  ><div class='container' ><div class='template-page content  av-content-small alpha units'><div class='post-entry post-entry-type-page post-entry-294'><div class='entry-content-wrapper clearfix'>\n<div class='sort_width_container  av-sort-yes-tax' data-portfolio-id='1' ><div id='js_sort_items' ><div class='av-current-sort-title'><span class=\"inner_sort_button\"><span>All<\/span><small class=\"av-cat-count\"> 5 <\/small><\/span><\/div><div class='sort_by_cat hidden '><a href=\"#\" data-filter=\"all_sort\" class=\"all_sort_button active_sort\"><span class=\"inner_sort_button\"><span>All<\/span><small class=\"av-cat-count\"> 5 <\/small><\/span><\/a><span class='text-sep beschreibungen_sort_sep'>\/<\/span><a href=\"#\" data-filter=\"beschreibungen_sort\" class=\"beschreibungen_sort_button\" ><span class=\"inner_sort_button\"><span>Beschreibungen<\/span><small class='av-cat-count'> 5 <\/small><\/span><\/a><\/div><\/div><\/div><div class=' grid-sort-container isotope   no_margin-container with-excerpt-container grid-total-odd grid-col-4 grid-links-' data-portfolio-id='1'><div data-ajax-id='924' class=' grid-entry flex_column isotope-item all_sort no_margin post-entry post-entry-924 grid-entry-overview grid-loop-1 grid-parity-odd  beschreibungen_sort  av_one_fourth first default_av_fullwidth '><article class='main_color inner-entry'  itemscope=\"itemscope\" itemtype=\"https:\/\/schema.org\/CreativeWork\" ><a href='https:\/\/www.easy-stocktaking.com\/en\/portfolio-item\/der-lagerplatz\/' title='Der Lagerplatz'  data-rel='grid-1' class='grid-image avia-hover-fx'><img width=\"260\" height=\"110\" src=\"https:\/\/www.easy-stocktaking.com\/en\/wp-content\/uploads\/2018\/08\/Lagerplatz-Ergebnis-260x110.png\" class=\"attachment-portfolio_small size-portfolio_small wp-post-image\" alt=\"\" decoding=\"async\" loading=\"lazy\" \/><\/a><div class='grid-content'><div class='avia-arrow'><\/div><header class=\"entry-content-header\"><h3 class='grid-entry-title entry-title'  itemprop=\"headline\" ><a href='https:\/\/www.easy-stocktaking.com\/en\/portfolio-item\/der-lagerplatz\/' title='Der Lagerplatz'>Der Lagerplatz<\/a><\/h3><\/header><div class='grid-entry-excerpt entry-content'  itemprop=\"text\" >Um das Z\u00e4hlen der vorhandenen Artikel zu strukturieren und Doppelz\u00e4hlungen zu vermeiden, sollten die Lagerpl\u00e4tze eindeutig benannt sein. <\/div><\/div><footer class=\"entry-footer\"><\/footer><\/article><\/div><div data-ajax-id='919' class=' grid-entry flex_column isotope-item all_sort no_margin post-entry post-entry-919 grid-entry-overview grid-loop-2 grid-parity-even  beschreibungen_sort  av_one_fourth  default_av_fullwidth '><article class='main_color inner-entry'  itemscope=\"itemscope\" itemtype=\"https:\/\/schema.org\/CreativeWork\" ><a href='https:\/\/www.easy-stocktaking.com\/en\/portfolio-item\/listen-suchen-sortieren-und-exportieren\/' title='Listen - Suchen, Sortieren und Exportieren'  data-rel='grid-1' class='grid-image avia-hover-fx'><img width=\"260\" height=\"185\" src=\"https:\/\/www.easy-stocktaking.com\/en\/wp-content\/uploads\/2018\/08\/Liste-Z\u00e4hlungen-mobile-260x185.png\" class=\"attachment-portfolio_small size-portfolio_small wp-post-image\" alt=\"\" decoding=\"async\" loading=\"lazy\" \/><\/a><div class='grid-content'><div class='avia-arrow'><\/div><header class=\"entry-content-header\"><h3 class='grid-entry-title entry-title'  itemprop=\"headline\" ><a href='https:\/\/www.easy-stocktaking.com\/en\/portfolio-item\/listen-suchen-sortieren-und-exportieren\/' title='Listen - Suchen, Sortieren und Exportieren'>Listen - Suchen, Sortieren und Exportieren<\/a><\/h3><\/header><div class='grid-entry-excerpt entry-content'  itemprop=\"text\" >Artikel und Z\u00e4hlungen k\u00f6nnen \u00fcber Listen eingesehen, nach Informationen durchsucht und als CSV-Dateien exportiert werden.<\/div><\/div><footer class=\"entry-footer\"><\/footer><\/article><\/div><div data-ajax-id='907' class=' grid-entry flex_column isotope-item all_sort no_margin post-entry post-entry-907 grid-entry-overview grid-loop-3 grid-parity-odd  beschreibungen_sort  av_one_fourth  default_av_fullwidth '><article class='main_color inner-entry'  itemscope=\"itemscope\" itemtype=\"https:\/\/schema.org\/CreativeWork\" ><a href='https:\/\/www.easy-stocktaking.com\/en\/portfolio-item\/907\/' title='Inventur vorbereiten'  data-rel='grid-1' class='grid-image avia-hover-fx'><img width=\"260\" height=\"185\" src=\"https:\/\/www.easy-stocktaking.com\/en\/wp-content\/uploads\/2018\/07\/Easy-Stocktaking-Inventurglueck-260x185.jpg\" class=\"attachment-portfolio_small size-portfolio_small wp-post-image\" alt=\"\" decoding=\"async\" loading=\"lazy\" \/><\/a><div class='grid-content'><div class='avia-arrow'><\/div><header class=\"entry-content-header\"><h3 class='grid-entry-title entry-title'  itemprop=\"headline\" ><a href='https:\/\/www.easy-stocktaking.com\/en\/portfolio-item\/907\/' title='Inventur vorbereiten'>Inventur vorbereiten<\/a><\/h3><\/header><div class='grid-entry-excerpt entry-content'  itemprop=\"text\" >Um einen reibungslosen Ablauf w\u00e4hrend der Inventur zu erreichen, sollten einige Vorbereitungen getroffen werden.<\/div><\/div><footer class=\"entry-footer\"><\/footer><\/article><\/div><div data-ajax-id='883' class=' grid-entry flex_column isotope-item all_sort no_margin post-entry post-entry-883 grid-entry-overview grid-loop-4 grid-parity-even  beschreibungen_sort  av_one_fourth  default_av_fullwidth '><article class='main_color inner-entry'  itemscope=\"itemscope\" itemtype=\"https:\/\/schema.org\/CreativeWork\" ><a href='https:\/\/www.easy-stocktaking.com\/en\/portfolio-item\/883\/' title='1-2-3 zur Inventurz\u00e4hlung'  data-rel='grid-1' class='grid-image avia-hover-fx'><img width=\"260\" height=\"127\" src=\"https:\/\/www.easy-stocktaking.com\/en\/wp-content\/uploads\/2018\/06\/EasyStockTakingIcon_1024x500.png\" class=\"attachment-portfolio_small size-portfolio_small wp-post-image\" alt=\"Inventur-Logo\" decoding=\"async\" loading=\"lazy\" srcset=\"https:\/\/www.easy-stocktaking.com\/en\/wp-content\/uploads\/2018\/06\/EasyStockTakingIcon_1024x500.png 1024w, https:\/\/www.easy-stocktaking.com\/en\/wp-content\/uploads\/2018\/06\/EasyStockTakingIcon_1024x500-300x146.png 300w, https:\/\/www.easy-stocktaking.com\/en\/wp-content\/uploads\/2018\/06\/EasyStockTakingIcon_1024x500-768x375.png 768w\" sizes=\"(max-width: 260px) 100vw, 260px\" \/><small class='avia-copyright'>\u00a92018 be-team services GmbH & Co. KG<\/small><\/a><div class='grid-content'><div class='avia-arrow'><\/div><header class=\"entry-content-header\"><h3 class='grid-entry-title entry-title'  itemprop=\"headline\" ><a href='https:\/\/www.easy-stocktaking.com\/en\/portfolio-item\/883\/' title='1-2-3 zur Inventurz\u00e4hlung'>1-2-3 zur Inventurz\u00e4hlung<\/a><\/h3><\/header><div class='grid-entry-excerpt entry-content'  itemprop=\"text\" >In drei Schritten zur Inventur. Von der Vorbereitung \u00fcber die Durchf\u00fchrung zum Abschluss der Inventurz\u00e4hlung.<\/div><\/div><footer class=\"entry-footer\"><\/footer><\/article><\/div><div data-ajax-id='839' class=' grid-entry flex_column isotope-item all_sort no_margin post-entry post-entry-839 grid-entry-overview grid-loop-5 grid-parity-odd  post-entry-last  beschreibungen_sort  av_one_fourth first default_av_fullwidth '><article class='main_color inner-entry'  itemscope=\"itemscope\" itemtype=\"https:\/\/schema.org\/CreativeWork\" ><a href='https:\/\/www.easy-stocktaking.com\/en\/portfolio-item\/neue-inventur\/' title='Neue Inventur'  data-rel='grid-1' class='grid-image avia-hover-fx'><img width=\"260\" height=\"185\" src=\"https:\/\/www.easy-stocktaking.com\/en\/wp-content\/uploads\/2018\/08\/Neue-Inventur-anlegen-260x185.png\" class=\"attachment-portfolio_small size-portfolio_small wp-post-image\" alt=\"\" decoding=\"async\" loading=\"lazy\" \/><\/a><div class='grid-content'><div class='avia-arrow'><\/div><header class=\"entry-content-header\"><h3 class='grid-entry-title entry-title'  itemprop=\"headline\" ><a href='https:\/\/www.easy-stocktaking.com\/en\/portfolio-item\/neue-inventur\/' title='Neue Inventur'>Neue Inventur<\/a><\/h3><\/header><div class='grid-entry-excerpt entry-content'  itemprop=\"text\" >\u00dcber die Schaltfl\u00e4che \"Inventur speichern\" werden die Angaben zu dieser neuen Inventur gesichert. Die Inventur kann nun in der Auswahl des Startbildschirms gew\u00e4hlt werden.<\/div><\/div><footer class=\"entry-footer\"><\/footer><\/article><\/div><\/div>\n<\/div><\/div><\/div><!-- close content main div --><\/div><\/div><div id='after_section_3' class='main_color av_default_container_wrap container_wrap sidebar_right'   ><div class='container' ><div class='template-page content  av-content-small alpha units'><div class='post-entry post-entry-type-page post-entry-294'><div class='entry-content-wrapper clearfix'>\n","protected":false},"excerpt":{"rendered":"","protected":false},"author":1,"featured_media":351,"parent":0,"menu_order":0,"comment_status":"closed","ping_status":"closed","template":"","meta":[],"_links":{"self":[{"href":"https:\/\/www.easy-stocktaking.com\/en\/wp-json\/wp\/v2\/pages\/294"}],"collection":[{"href":"https:\/\/www.easy-stocktaking.com\/en\/wp-json\/wp\/v2\/pages"}],"about":[{"href":"https:\/\/www.easy-stocktaking.com\/en\/wp-json\/wp\/v2\/types\/page"}],"author":[{"embeddable":true,"href":"https:\/\/www.easy-stocktaking.com\/en\/wp-json\/wp\/v2\/users\/1"}],"replies":[{"embeddable":true,"href":"https:\/\/www.easy-stocktaking.com\/en\/wp-json\/wp\/v2\/comments?post=294"}],"version-history":[{"count":95,"href":"https:\/\/www.easy-stocktaking.com\/en\/wp-json\/wp\/v2\/pages\/294\/revisions"}],"predecessor-version":[{"id":1752,"href":"https:\/\/www.easy-stocktaking.com\/en\/wp-json\/wp\/v2\/pages\/294\/revisions\/1752"}],"wp:featuredmedia":[{"embeddable":true,"href":"https:\/\/www.easy-stocktaking.com\/en\/wp-json\/wp\/v2\/media\/351"}],"wp:attachment":[{"href":"https:\/\/www.easy-stocktaking.com\/en\/wp-json\/wp\/v2\/media?parent=294"}],"curies":[{"name":"wp","href":"https:\/\/api.w.org\/{rel}","templated":true}]}}