{"id":65,"date":"2018-06-04T11:17:10","date_gmt":"2018-06-04T11:17:10","guid":{"rendered":"http:\/\/www.easy-stocktaking.com\/en\/?page_id=65"},"modified":"2018-09-10T12:24:50","modified_gmt":"2018-09-10T10:24:50","slug":"newsletter","status":"publish","type":"page","link":"https:\/\/www.easy-stocktaking.com\/en\/newsletter\/","title":{"rendered":"Newsletter"},"content":{"rendered":"<\/div><\/div><\/div><!-- close content main div --><\/div><\/div><div id='av_section_1' class='avia-section main_color avia-section-small avia-no-border-styling avia-bg-style-scroll   container_wrap sidebar_right' style = 'background-color: #109bc5; background-image: '  ><div class='container' ><div class='template-page content  av-content-small alpha units'><div class='post-entry post-entry-type-page post-entry-65'><div class='entry-content-wrapper clearfix'>\n<div style='padding-bottom:5px; color:#ffffff;' class='av-special-heading av-special-heading-h2 custom-color-heading blockquote modern-quote  '><h2 class='av-special-heading-tag '  itemprop=\"headline\"  >Newsletter<\/h2><div class ='av-subheading av-subheading_below av_custom_color  av-mini-font-size-overwrite av-mini-font-size-hidden' style='font-size:15px;'><p>Immer auf dem Laufenden bleiben<\/p>\n<\/div><div class='special-heading-border'><div class='special-heading-inner-border' style='border-color:#ffffff'><\/div><\/div><\/div>\n<\/div><\/div><\/div><!-- close content main div --><\/div><\/div><div id='after_section_1' class='main_color av_default_container_wrap container_wrap sidebar_right'   ><div class='container' ><div class='template-page content  av-content-small alpha units'><div class='post-entry post-entry-type-page post-entry-65'><div class='entry-content-wrapper clearfix'><div class=\"flex_column av_one_full  flex_column_div av-zero-column-padding first  \" style='border-radius:0px; '><section class=\"av_textblock_section \"  itemscope=\"itemscope\" itemtype=\"https:\/\/schema.org\/CreativeWork\" ><div class='avia_textblock  '   itemprop=\"text\" ><style type=\"text\/css\"><!-- form#WebToLeadForm, form#WebToLeadForm * {margin: 0; padding: 0; border: none; color: #333; font-size: 12px; line-height: 1.6em; font-family: 'Helvetica Neue', Helvetica, Arial, sans-serif; max-width: 500px} form#WebToLeadForm {float: left; border: 1px solid #ccc; margin: 10px;} form#WebToLeadForm h1 {font-size: 32px; font-weight: bold; background-color: rgb(60, 141, 188); color: rgb(247, 247, 247); padding: 10px 20px;} form#WebToLeadForm h2 {font-size: 24px; font-weight: bold; background-color: rgb(60, 141, 188); color: rgb(247, 247, 247); padding: 10px 20px;} form#WebToLeadForm h3 {font-size: 12px; font-weight: bold; padding: 10px 20px;} form#WebToLeadForm h4 {font-size: 10px; font-weight: bold; padding: 10px 20px;} form#WebToLeadForm h5 {font-size: 8px; font-weight: bold; padding: 10px 20px;} form#WebToLeadForm h6 {font-size: 6px; font-weight: bold; padding: 10px 20px;} form#WebToLeadForm p {padding: 10px 20px;} form#WebToLeadForm input, form#WebToLeadForm select, form#WebToLeadForm textarea {border: 1px solid #ccc; display: block; float: left; min-width: 170px; padding: 5px;} form#WebToLeadForm select {background-color: white;} form#WebToLeadForm input&#091;type=\"button\"&#093;, form#WebToLeadForm input&#091;type=\"submit\"&#093; {display: inline; float: none; padding: 5px 10px; width: auto; min-width: auto;} form#WebToLeadForm input&#091;type=\"checkbox\"&#093;{width: 18px; min-width: 18px; size: 2;}form#WebToLeadForm input&#091;type=\"radio\"&#093; {width: 20px; min-width: 20px } form#WebToLeadForm div.col {display: block; float: left; padding: 10px 20px; width: 100%;} form#WebToLeadForm div.clear {display: block; float: none; clear: both; height: 0px; overflow: hidden;} form#WebToLeadForm div.center {text-align: center;} form#WebToLeadForm div.buttons {padding: 10px 0; border-top: 1px solid #ccc; background-color: #f7f7f7} form#WebToLeadForm label {display: block; float: left; width: 160px; font-weight: bold;} form#WebToLeadForm span.required {color: #FF0000;}--><\/style>\n<p><!-- TODO ???\n<script type=\"text\/javascript\" src='https:\/\/suitecrm.be-team.de\/\/cache\/include\/javascript\/sugar_grp1.js?v=4GF3A6jutXw6KcpZZGlrcw'><\/script>\n--><\/p>\n<form id=\"WebToLeadForm\" action=\"https:\/\/suitecrm.be-team.de\/\/index.php?entryPoint=WebToPersonCapture\" method=\"POST\" name=\"WebToLeadForm\">\n<h2>Anmeldung<\/h2>\n<p>Ja, ich m\u00f6chte regelm\u00e4\u00dfig Informationen rund um das Thema mobile Lagerverwaltung erhalten.<\/p>\n<p>Ich kann den Newsletter jederzeit \u00fcber einen Link in der Mail abbestellen.<\/p>\n<div class=\"row\">\n<div class=\"col\"><label>Vorname: <\/label><input id=\"first_name\" name=\"first_name\" type=\"text\" \/><\/div>\n<div class=\"clear\"><\/div>\n<\/div>\n<div class=\"row\">\n<div class=\"col\"><label>Nachname: <span class=\"required\">*<\/span><\/label><input id=\"last_name\" name=\"last_name\" required=\"\" type=\"text\" \/><\/div>\n<div class=\"clear\"><\/div>\n<\/div>\n<div class=\"row\">\n<div class=\"col\"><label>E-Mail-Addresse: <span class=\"required\">*<\/span> <\/label><input id=\"email1\" name=\"email1\" required=\"\" type=\"email\" \/><\/div>\n<div class=\"clear\"><\/div>\n<\/div>\n<div class=\"row\">\n<div class=\"col\"><input id=\"opt_in_email1\" style=\"width: 18px; min-width: 18px;\" name=\"opt_in_email1\" required=\"\" type=\"checkbox\" \/> <span class=\"required\">*<\/span> Ihre Daten werden nur zu internen Zwecken gespeichert und nicht an Dritte weitergegeben.Alle \u00fcbermittelten Informationen werden vertraulich behandelt. Lesen Sie dazu auch unsere\u00a0<a href=\"http:\/\/www.easy-stocktaking.com\/en\/impressum\/datenschutzerklaerung\/\" target=\"_blank\" rel=\"noopener\">Datenschutzrichtlinie<\/a>.<\/div>\n<div class=\"clear\"><\/div>\n<\/div>\n<p><input class=\"button\" name=\"Submit\" type=\"submit\" value=\"Abbonieren\" \/><\/p>\n<div class=\"clear\"><\/div>\n<p><input id=\"campaign_id\" name=\"campaign_id\" type=\"hidden\" value=\"5f17c2ce-6133-1445-6042-5b19011b28c3\" \/> <input id=\"redirect_url\" name=\"redirect_url\" type=\"hidden\" value=\"http:\/\/www.easy-stocktaking.com\/en\/newsletter\/newsletterresponse\/\" \/> <input id=\"assigned_user_id\" name=\"assigned_user_id\" type=\"hidden\" value=\"571d07ea-b610-d467-413a-5b18fdf58a79\" \/> <input id=\"moduleDir\" name=\"moduleDir\" type=\"hidden\" value=\"Prospects\" \/><\/p>\n<\/form>\n<p><script type=\"text\/javascript\">\/\/ <!&#091;CDATA&#091;\n    function submit_form() {\n        if (typeof(validateCaptchaAndSubmit) != 'undefined') {\n            validateCaptchaAndSubmit();\n        } else {\n            check_webtolead_fields();\n            \/\/document.WebToLeadForm.submit();\n        }\n    }\n\n    function check_webtolead_fields() {\n        if (document.getElementById('bool_id') != null) {\n            var reqs = document.getElementById('bool_id').value;\n            bools = reqs.substring(0, reqs.lastIndexOf(';'));\n            var bool_fields = new Array();\n            var bool_fields = bools.split(';');\n            nbr_fields = bool_fields.length;\n            for (var i = 0; i < nbr_fields; i++) { if (document.getElementById(bool_fields&#091;i&#093;).value == 'on') { document.getElementById(bool_fields&#091;i&#093;).value = 1; } else { document.getElementById(bool_fields&#091;i&#093;).value = 0; } } } } \/\/ &#093;&#093;><\/script><\/p>\n<\/div><\/section><\/div><\/p>\n","protected":false},"excerpt":{"rendered":"","protected":false},"author":1,"featured_media":0,"parent":0,"menu_order":0,"comment_status":"closed","ping_status":"closed","template":"","meta":[],"_links":{"self":[{"href":"https:\/\/www.easy-stocktaking.com\/en\/wp-json\/wp\/v2\/pages\/65"}],"collection":[{"href":"https:\/\/www.easy-stocktaking.com\/en\/wp-json\/wp\/v2\/pages"}],"about":[{"href":"https:\/\/www.easy-stocktaking.com\/en\/wp-json\/wp\/v2\/types\/page"}],"author":[{"embeddable":true,"href":"https:\/\/www.easy-stocktaking.com\/en\/wp-json\/wp\/v2\/users\/1"}],"replies":[{"embeddable":true,"href":"https:\/\/www.easy-stocktaking.com\/en\/wp-json\/wp\/v2\/comments?post=65"}],"version-history":[{"count":54,"href":"https:\/\/www.easy-stocktaking.com\/en\/wp-json\/wp\/v2\/pages\/65\/revisions"}],"predecessor-version":[{"id":1255,"href":"https:\/\/www.easy-stocktaking.com\/en\/wp-json\/wp\/v2\/pages\/65\/revisions\/1255"}],"wp:attachment":[{"href":"https:\/\/www.easy-stocktaking.com\/en\/wp-json\/wp\/v2\/media?parent=65"}],"curies":[{"name":"wp","href":"https:\/\/api.w.org\/{rel}","templated":true}]}}