{"id":77,"date":"2018-06-05T09:58:31","date_gmt":"2018-06-05T09:58:31","guid":{"rendered":"http:\/\/www.easy-stocktaking.com\/en\/?page_id=77"},"modified":"2018-09-10T12:27:27","modified_gmt":"2018-09-10T10:27:27","slug":"newsletterresponse","status":"publish","type":"page","link":"https:\/\/www.easy-stocktaking.com\/en\/newsletter\/newsletterresponse\/","title":{"rendered":"NewsletterResponse"},"content":{"rendered":"<\/div><\/div><\/div><!-- close content main div --><\/div><\/div><div id='av_section_1' class='avia-section main_color avia-section-default avia-no-border-styling avia-bg-style-scroll   container_wrap sidebar_right' style = 'background-color: #109bc5; background-image: '  ><div class='container' ><div class='template-page content  av-content-small alpha units'><div class='post-entry post-entry-type-page post-entry-77'><div class='entry-content-wrapper clearfix'>\n<div style='padding-bottom:5px; color:#ffffff;' class='av-special-heading av-special-heading-h2 custom-color-heading blockquote modern-quote  '><h2 class='av-special-heading-tag '  itemprop=\"headline\"  >Newsletter<\/h2><div class ='av-subheading av-subheading_below av_custom_color ' style='font-size:15px;'><p>Vielen Dank f\u00fcr Ihre Anmeldung!<\/p>\n<\/div><div class='special-heading-border'><div class='special-heading-inner-border' style='border-color:#ffffff'><\/div><\/div><\/div>\n<\/div><\/div><\/div><!-- close content main div --><\/div><\/div><div id='after_section_1' class='main_color av_default_container_wrap container_wrap sidebar_right'   ><div class='container' ><div class='template-page content  av-content-small alpha units'><div class='post-entry post-entry-type-page post-entry-77'><div class='entry-content-wrapper clearfix'><div class=\"flex_column av_one_full  flex_column_div av-zero-column-padding first  \" style='border-radius:0px; '><section class=\"av_textblock_section \"  itemscope=\"itemscope\" itemtype=\"https:\/\/schema.org\/CreativeWork\" ><div class='avia_textblock  '   itemprop=\"text\" ><p>Vielen Dank f\u00fcr Ihr Interesse an unserem Newsletter. Wir haben Ihnen gerade eine E-Mail mit einem Best\u00e4tigungslink geschickt. Bitte checken Sie ihre Mailbox und ihren Spamfilter. Erst nach Ihrer Best\u00e4tigung wird der Newsletter f\u00fcr Sie aktiviert.<\/p>\n<p><a href=\"http:\/\/www.easy-stocktaking.com\/en\/easy-stocktaking\/\">Zur\u00fcck zur Hauptseite.<\/a><\/p>\n<\/div><\/section><\/div><\/p>\n","protected":false},"excerpt":{"rendered":"","protected":false},"author":1,"featured_media":0,"parent":65,"menu_order":0,"comment_status":"closed","ping_status":"closed","template":"","meta":[],"_links":{"self":[{"href":"https:\/\/www.easy-stocktaking.com\/en\/wp-json\/wp\/v2\/pages\/77"}],"collection":[{"href":"https:\/\/www.easy-stocktaking.com\/en\/wp-json\/wp\/v2\/pages"}],"about":[{"href":"https:\/\/www.easy-stocktaking.com\/en\/wp-json\/wp\/v2\/types\/page"}],"author":[{"embeddable":true,"href":"https:\/\/www.easy-stocktaking.com\/en\/wp-json\/wp\/v2\/users\/1"}],"replies":[{"embeddable":true,"href":"https:\/\/www.easy-stocktaking.com\/en\/wp-json\/wp\/v2\/comments?post=77"}],"version-history":[{"count":12,"href":"https:\/\/www.easy-stocktaking.com\/en\/wp-json\/wp\/v2\/pages\/77\/revisions"}],"predecessor-version":[{"id":1267,"href":"https:\/\/www.easy-stocktaking.com\/en\/wp-json\/wp\/v2\/pages\/77\/revisions\/1267"}],"up":[{"embeddable":true,"href":"https:\/\/www.easy-stocktaking.com\/en\/wp-json\/wp\/v2\/pages\/65"}],"wp:attachment":[{"href":"https:\/\/www.easy-stocktaking.com\/en\/wp-json\/wp\/v2\/media?parent=77"}],"curies":[{"name":"wp","href":"https:\/\/api.w.org\/{rel}","templated":true}]}}